{"id":715,"date":"2016-03-22T09:51:59","date_gmt":"2016-03-22T08:51:59","guid":{"rendered":"http:\/\/www.airservicebremgarten.com\/cms\/de\/legal-notice\/"},"modified":"2025-11-12T14:07:15","modified_gmt":"2025-11-12T13:07:15","slug":"legal-notice","status":"publish","type":"page","link":"https:\/\/www.k-airservice.beebox.de\/cms\/de\/legal-notice\/","title":{"rendered":"Impressum &#038; Nutzungbedingungen"},"content":{"rendered":"<p>[et_pb_section fb_built=&#8220;1&#8243; fullwidth=&#8220;on&#8220; _builder_version=&#8220;4.16&#8243; global_colors_info=&#8220;{}&#8220;][et_pb_fullwidth_slider _builder_version=&#8220;4.27.4&#8243; custom_padding=&#8220;|||&#8220; custom_padding_tablet=&#8220;|||&#8220; custom_padding_phone=&#8220;|||&#8220; hover_enabled=&#8220;0&#8243; box_shadow_style=&#8220;preset6&#8243; box_shadow_blur=&#8220;10px&#8220; box_shadow_color=&#8220;rgba(0,0,0,0.1)&#8220; remove_inner_shadow=&#8220;off&#8220; hide_content_on_mobile=&#8220;off&#8220; hide_cta_on_mobile=&#8220;off&#8220; show_inner_shadow=&#8220;on&#8220; button_letter_spacing_hover=&#8220;0&#8243; global_colors_info=&#8220;{}&#8220; button_text_size__hover_enabled=&#8220;off&#8220; button_one_text_size__hover_enabled=&#8220;off&#8220; button_two_text_size__hover_enabled=&#8220;off&#8220; button_text_color__hover_enabled=&#8220;off&#8220; button_one_text_color__hover_enabled=&#8220;off&#8220; button_two_text_color__hover_enabled=&#8220;off&#8220; button_border_width__hover_enabled=&#8220;off&#8220; button_one_border_width__hover_enabled=&#8220;off&#8220; button_two_border_width__hover_enabled=&#8220;off&#8220; button_border_color__hover_enabled=&#8220;off&#8220; button_one_border_color__hover_enabled=&#8220;off&#8220; button_two_border_color__hover_enabled=&#8220;off&#8220; button_border_radius__hover_enabled=&#8220;off&#8220; button_one_border_radius__hover_enabled=&#8220;off&#8220; button_two_border_radius__hover_enabled=&#8220;off&#8220; button_letter_spacing__hover_enabled=&#8220;on&#8220; button_letter_spacing__hover=&#8220;0&#8243; button_one_letter_spacing__hover_enabled=&#8220;off&#8220; button_two_letter_spacing__hover_enabled=&#8220;off&#8220; button_bg_color__hover_enabled=&#8220;off&#8220; button_one_bg_color__hover_enabled=&#8220;off&#8220; button_two_bg_color__hover_enabled=&#8220;off&#8220; sticky_enabled=&#8220;0&#8243;][et_pb_slide heading=&#8220;Impressum und Nutzungsbedingungen&#8220; use_bg_overlay=&#8220;off&#8220; use_text_overlay=&#8220;on&#8220; _builder_version=&#8220;4.27.4&#8243; header_font=&#8220;||||&#8220; body_font=&#8220;||||&#8220; background_color=&#8220;#ffffff&#8220; background_image=&#8220;https:\/\/www.k-airservice.beebox.de\/cms\/wp-content\/uploads\/2016\/06\/BBX_TopMotiv_1800x970_Windhose.jpg&#8220; button_icon_placement=&#8220;right&#8220; button_on_hover=&#8220;on&#8220; hover_enabled=&#8220;0&#8243; global_colors_info=&#8220;{}&#8220; sticky_transition=&#8220;on&#8220; button_text_size__hover_enabled=&#8220;off&#8220; button_one_text_size__hover_enabled=&#8220;off&#8220; button_two_text_size__hover_enabled=&#8220;off&#8220; button_text_color__hover_enabled=&#8220;off&#8220; button_one_text_color__hover_enabled=&#8220;off&#8220; button_two_text_color__hover_enabled=&#8220;off&#8220; button_border_width__hover_enabled=&#8220;off&#8220; button_one_border_width__hover_enabled=&#8220;off&#8220; button_two_border_width__hover_enabled=&#8220;off&#8220; button_border_color__hover_enabled=&#8220;off&#8220; button_one_border_color__hover_enabled=&#8220;off&#8220; button_two_border_color__hover_enabled=&#8220;off&#8220; button_border_radius__hover_enabled=&#8220;off&#8220; button_one_border_radius__hover_enabled=&#8220;off&#8220; button_two_border_radius__hover_enabled=&#8220;off&#8220; button_letter_spacing__hover_enabled=&#8220;off&#8220; button_one_letter_spacing__hover_enabled=&#8220;off&#8220; button_two_letter_spacing__hover_enabled=&#8220;off&#8220; button_bg_color__hover_enabled=&#8220;off&#8220; button_one_bg_color__hover_enabled=&#8220;off&#8220; button_two_bg_color__hover_enabled=&#8220;off&#8220; title_text=&#8220;BBX_TopMotiv_1800x970_Windhose&#8220; background_enable_image=&#8220;on&#8220; sticky_enabled=&#8220;0&#8243;][\/et_pb_slide][\/et_pb_fullwidth_slider][\/et_pb_section][et_pb_section fb_built=&#8220;1&#8243; admin_label=&#8220;section&#8220; _builder_version=&#8220;4.16&#8243; global_colors_info=&#8220;{}&#8220;][et_pb_row _builder_version=&#8220;4.16&#8243; background_size=&#8220;initial&#8220; background_position=&#8220;top_left&#8220; background_repeat=&#8220;repeat&#8220; global_colors_info=&#8220;{}&#8220;][et_pb_column type=&#8220;4_4&#8243; _builder_version=&#8220;4.16&#8243; custom_padding=&#8220;|||&#8220; global_colors_info=&#8220;{}&#8220; custom_padding__hover=&#8220;|||&#8220;][et_pb_text _builder_version=&#8220;4.16&#8243; background_size=&#8220;initial&#8220; background_position=&#8220;top_left&#8220; background_repeat=&#8220;repeat&#8220; use_border_color=&#8220;off&#8220; border_color=&#8220;#ffffff&#8220; border_style=&#8220;solid&#8220; global_colors_info=&#8220;{}&#8220;]<\/p>\n<h1>Impressum<\/h1>\n<p><strong>Rechtliche Angaben gem\u00e4\u00df Telemediengesetz (TMG) \u00a7 5 der Bundesrepublik Deutschland <\/strong><br \/>\n[\/et_pb_text][\/et_pb_column][\/et_pb_row][et_pb_row admin_label=&#8220;row&#8220; _builder_version=&#8220;4.16&#8243; background_size=&#8220;initial&#8220; background_position=&#8220;top_left&#8220; background_repeat=&#8220;repeat&#8220; global_colors_info=&#8220;{}&#8220; column_structure=&#8220;1_3,1_3,1_3&#8243;][et_pb_column type=&#8220;1_3&#8243; _builder_version=&#8220;4.16&#8243; custom_padding=&#8220;|||&#8220; global_colors_info=&#8220;{}&#8220; custom_padding__hover=&#8220;|||&#8220;][et_pb_text admin_label=&#8220;Text Anschrift&#8220; _builder_version=&#8220;4.16&#8243; background_size=&#8220;initial&#8220; background_position=&#8220;top_left&#8220; background_repeat=&#8220;repeat&#8220; use_border_color=&#8220;off&#8220; global_colors_info=&#8220;{}&#8220;]<strong>Airservice Bremgarten GmbH<\/strong><br \/>\nAm Flugplatz 1<br \/>\n79427 Eschbach<br \/>\nDeutschland<br \/>\n[\/et_pb_text][et_pb_text admin_label=&#8220;Text GF&#8220; _builder_version=&#8220;4.16&#8243; background_size=&#8220;initial&#8220; background_position=&#8220;top_left&#8220; background_repeat=&#8220;repeat&#8220; use_border_color=&#8220;off&#8220; global_colors_info=&#8220;{}&#8220;]<strong>Vertreten durch <\/strong><br \/>\nHarold Ebenroth (Gesch\u00e4ftsf\u00fchrer)<br \/>\n[\/et_pb_text][\/et_pb_column][et_pb_column type=&#8220;1_3&#8243; _builder_version=&#8220;4.16&#8243; custom_padding=&#8220;|||&#8220; global_colors_info=&#8220;{}&#8220; custom_padding__hover=&#8220;|||&#8220;][et_pb_text admin_label=&#8220;Text Telefon &#038; Mail&#8220; _builder_version=&#8220;4.16&#8243; background_size=&#8220;initial&#8220; background_position=&#8220;top_left&#8220; background_repeat=&#8220;repeat&#8220; use_border_color=&#8220;off&#8220; global_colors_info=&#8220;{}&#8220;]<strong>Kontakt<\/strong><br \/>\nTelefon: +49 (0)7634 \u2013 595 22 22<br \/>\nFax:\u00a0\u00a0\u00a0\u00a0\u00a0\u00a0\u00a0 +49 (0)7634 \u2013 595 22 23<br \/>\nE-Mail: \u00a0 <span style=\"font-size: 1px;\">s<\/span>info<span style=\"font-size: 1px;\">s<\/span>@<span style=\"font-size: 1px;\">s<\/span>airservicebremgarten<span style=\"font-size: 1px;\">s<\/span>.com<br \/>\n[\/et_pb_text][\/et_pb_column][et_pb_column type=&#8220;1_3&#8243; _builder_version=&#8220;4.16&#8243; custom_padding=&#8220;|||&#8220; global_colors_info=&#8220;{}&#8220; custom_padding__hover=&#8220;|||&#8220;][et_pb_text admin_label=&#8220;Text Handelsregister&#8220; _builder_version=&#8220;4.16&#8243; background_size=&#8220;initial&#8220; background_position=&#8220;top_left&#8220; background_repeat=&#8220;repeat&#8220; use_border_color=&#8220;off&#8220; global_colors_info=&#8220;{}&#8220;]<strong>Eintrag im deutschen Handelsregister<\/strong><br \/>\nRegisternummer: HRB 705603<br \/>\nRegistergericht: Amtsgericht Freiburg i. Br.<br \/>\n[\/et_pb_text][et_pb_text admin_label=&#8220;Text USt.ID&#8220; _builder_version=&#8220;4.16&#8243; background_size=&#8220;initial&#8220; background_position=&#8220;top_left&#8220; background_repeat=&#8220;repeat&#8220; use_border_color=&#8220;off&#8220; global_colors_info=&#8220;{}&#8220;]<strong>Umsatzsteuer-Identifikationsnummer gem. \u00a7 27 a Umsatzsteuergesetz (UStG) <\/strong><br \/>\nUSt.ID: DE 815 215 490<br \/>\n[\/et_pb_text][\/et_pb_column][\/et_pb_row][et_pb_row _builder_version=&#8220;4.16&#8243; background_size=&#8220;initial&#8220; background_position=&#8220;top_left&#8220; background_repeat=&#8220;repeat&#8220; global_colors_info=&#8220;{}&#8220;][et_pb_column type=&#8220;4_4&#8243; _builder_version=&#8220;4.16&#8243; custom_padding=&#8220;|||&#8220; global_colors_info=&#8220;{}&#8220; custom_padding__hover=&#8220;|||&#8220;][et_pb_text admin_label=&#8220;Headline Disclaimer&#8220; _builder_version=&#8220;4.16&#8243; background_size=&#8220;initial&#8220; background_position=&#8220;top_left&#8220; background_repeat=&#8220;repeat&#8220; use_border_color=&#8220;off&#8220; border_color=&#8220;#ffffff&#8220; border_style=&#8220;solid&#8220; global_colors_info=&#8220;{}&#8220;]<\/p>\n<h1>Haftungsausschluss \/ Nutzungsbedingungen<\/h1>\n<p>Diese Website wird von Airservice Bremgarten GmbH betrieben. Zugang und Nutzung unserer Website unterliegen diesen Nutzungsbedingungen. Die Inhalte dieser Website haben wir mit gr\u00f6\u00dfter Sorgfalt erstellt. Gleichwohl \u00fcbernehmen wir keine Gew\u00e4hr oder Verantwortung f\u00fcr deren Richtigkeit, Vollst\u00e4ndigkeit oder Aktualit\u00e4t. Haftungsanspr\u00fcche gegen uns als Website-Betreiber, welche sich auf Sch\u00e4den materieller oder ideeller Art beziehen, die durch die Nutzung oder Nichtnutzung der auf dieser Website dargebotenen Inhalte bzw. durch die Nutzung fehlerhafter und unvollst\u00e4ndiger Informationen verursacht wurden, sind grunds\u00e4tzlich ausgeschlossen, sofern unsererseits kein nachweislich vors\u00e4tzliches oder grob fahrl\u00e4ssiges Verschulden vorliegt. Wir behalten uns vor, die Inhalte dieser Website jederzeit zu erg\u00e4nzen oder zu \u00e4ndern.<br \/>\n[\/et_pb_text][\/et_pb_column][\/et_pb_row][et_pb_row admin_label=&#8220;row&#8220; _builder_version=&#8220;4.16&#8243; background_size=&#8220;initial&#8220; background_position=&#8220;top_left&#8220; background_repeat=&#8220;repeat&#8220; global_colors_info=&#8220;{}&#8220; column_structure=&#8220;1_3,1_3,1_3&#8243;][et_pb_column type=&#8220;1_3&#8243; _builder_version=&#8220;4.16&#8243; custom_padding=&#8220;|||&#8220; global_colors_info=&#8220;{}&#8220; custom_padding__hover=&#8220;|||&#8220;][et_pb_text admin_label=&#8220;Text Haftung&#8220; _builder_version=&#8220;4.16&#8243; background_size=&#8220;initial&#8220; background_position=&#8220;top_left&#8220; background_repeat=&#8220;repeat&#8220; use_border_color=&#8220;off&#8220; global_colors_info=&#8220;{}&#8220;]<strong>Haftung f\u00fcr Inhalte <\/strong><\/p>\n<p>Die Inhalte unserer Seiten wurden mit gr\u00f6\u00dfter Sorgfalt erstellt. F\u00fcr die Richtigkeit, Vollst\u00e4ndigkeit und Aktualit\u00e4t der Inhalte k\u00f6nnen wir jedoch keine Gew\u00e4hr \u00fcbernehmen. Als Diensteanbieter sind wir gem\u00e4\u00df \u00a7 7 Abs.1 TMG f\u00fcr eigene Inhalte auf diesen Seiten nach den allgemeinen Gesetzen verantwortlich. Nach \u00a7\u00a7 8 bis 10 TMG sind wir als Diensteanbieter jedoch nicht verpflichtet, \u00fcbermittelte oder gespeicherte fremde Informationen zu \u00fcberwachen oder nach Umst\u00e4nden zu forschen, die auf eine rechtswidrige T\u00e4tigkeit hinweisen. Verpflichtungen zur Entfernung oder Sperrung der Nutzung von Informationen nach den allgemeinen Gesetzen bleiben hiervon unber\u00fchrt. Eine diesbez\u00fcgliche Haftung ist jedoch erst ab dem Zeitpunkt der Kenntnis einer konkreten Rechtsverletzung m\u00f6glich. Bei Bekanntwerden von entsprechenden Rechtsverletzungen werden wir diese Inhalte umgehend entfernen.<br \/>\n[\/et_pb_text][\/et_pb_column][et_pb_column type=&#8220;1_3&#8243; _builder_version=&#8220;4.16&#8243; custom_padding=&#8220;|||&#8220; global_colors_info=&#8220;{}&#8220; custom_padding__hover=&#8220;|||&#8220;][et_pb_text admin_label=&#8220;Text Links&#8220; _builder_version=&#8220;4.16&#8243; background_size=&#8220;initial&#8220; background_position=&#8220;top_left&#8220; background_repeat=&#8220;repeat&#8220; use_border_color=&#8220;off&#8220; global_colors_info=&#8220;{}&#8220;]<strong>Haftung f\u00fcr Links<\/strong><\/p>\n<p>Unser Angebot enth\u00e4lt Verweise (Links) zu externen Webseiten Dritter, auf deren Inhalte wir keinen Einfluss haben. Deshalb k\u00f6nnen wir f\u00fcr diese fremden Inhalte auch keine Gew\u00e4hr \u00fcbernehmen. F\u00fcr die Inhalte der verlinkten Seiten ist stets und ausschlie\u00dflich der jeweilige Anbieter oder Betreiber der Seiten verantwortlich. Die verlinkten Seiten wurden zum Zeitpunkt der Verlinkung auf m\u00f6gliche Rechtsverst\u00f6\u00dfe \u00fcberpr\u00fcft. Rechtswidrige Inhalte waren zum Zeitpunkt der Verlinkung nicht erkennbar. Eine permanente inhaltliche Kontrolle der verlinkten Seiten ist jedoch ohne konkrete Anhaltspunkte einer Rechtsverletzung nicht zumutbar. Bei Bekanntwerden von Rechtsverletzungen werden wir derartige Links umgehend entfernen.<br \/>\n[\/et_pb_text][\/et_pb_column][et_pb_column type=&#8220;1_3&#8243; _builder_version=&#8220;4.16&#8243; custom_padding=&#8220;|||&#8220; global_colors_info=&#8220;{}&#8220; custom_padding__hover=&#8220;|||&#8220;][et_pb_text admin_label=&#8220;Text Datenschutz&#8220; _builder_version=&#8220;4.16&#8243; background_size=&#8220;initial&#8220; background_position=&#8220;top_left&#8220; background_repeat=&#8220;repeat&#8220; use_border_color=&#8220;off&#8220; global_colors_info=&#8220;{}&#8220;]<strong>Datenschutz<\/strong><\/p>\n<p>Die Nutzung unserer Webseite ist in der Regel ohne Angabe personenbezogener Daten m\u00f6glich. Soweit auf unseren Seiten personenbezogene Daten (beispielsweise Name, Anschrift oder eMail-Adressen) erhoben werden, erfolgt dies, soweit m\u00f6glich, stets auf freiwilliger Basis. Diese Daten werden ohne Ihre ausdr\u00fcckliche Zustimmung nicht an Dritte weitergegeben. Wir weisen darauf hin, dass die Daten\u00fcbertragung im Internet (z.B. bei der Kommunikation per E-Mail) Sicherheitsl\u00fccken aufweisen kann. Ein l\u00fcckenloser Schutz der Daten vor dem Zugriff durch Dritte ist nicht m\u00f6glich. Der Nutzung von im Rahmen der Impressumspflicht ver\u00f6ffentlichten Kontaktdaten durch Dritte zur \u00dcbersendung von nicht ausdr\u00fccklich angeforderter Werbung und Informationsmaterialien wird hiermit ausdr\u00fccklich widersprochen. Die Betreiber der Seiten behalten sich ausdr\u00fccklich rechtliche Schritte im Falle der unverlangten Zusendung von Werbeinformationen, etwa durch Spam-Mails, vor.<br \/>\nBitte lesen sie unsere <a href=\"https:\/\/www.airservicebremgarten.com\/cms\/de\/datenschutz\/\"><strong>detaillierte Erkl\u00e4rung zum Datenschutz<\/strong><\/a>. Hier werden Sie dar\u00fcber informiert, welche Art von Daten erfasst und zu welchem Zweck sie erhoben werden. Mit der Nutzung der Webseite erkl\u00e4ren Sie sich mit den Bedingungen dieser Richtlinien zum Schutz pers\u00f6nlicher Daten einverstanden.<br \/>\n[\/et_pb_text][\/et_pb_column][\/et_pb_row][et_pb_row admin_label=&#8220;row&#8220; _builder_version=&#8220;4.16&#8243; background_size=&#8220;initial&#8220; background_position=&#8220;top_left&#8220; background_repeat=&#8220;repeat&#8220; global_colors_info=&#8220;{}&#8220; column_structure=&#8220;1_3,2_3&#8243;][et_pb_column type=&#8220;1_3&#8243; _builder_version=&#8220;4.16&#8243; custom_padding=&#8220;|||&#8220; global_colors_info=&#8220;{}&#8220; custom_padding__hover=&#8220;|||&#8220;][et_pb_text admin_label=&#8220;Text Copyright&#8220; _builder_version=&#8220;4.16&#8243; background_size=&#8220;initial&#8220; background_position=&#8220;top_left&#8220; background_repeat=&#8220;repeat&#8220; use_border_color=&#8220;off&#8220; global_colors_info=&#8220;{}&#8220;]<strong>Copyright<\/strong><\/p>\n<p>S\u00e4mtliche durch die Seitenbetreiber erstellten Inhalte und Werke auf diesen Seiten unterliegen dem Urheberrechts-Gesetz der Bundesrepublik Deutschland (UrhG). Die Vervielf\u00e4ltigung, Bearbeitung, Verbreitung und jede Art der Verwertung au\u00dferhalb der Grenzen des Urheberrechtes bed\u00fcrfen der schriftlichen Zustimmung des jeweiligen Autors bzw. Erstellers. Downloads und Kopien dieser Seite sind nur f\u00fcr den privaten, nicht kommerziellen Gebrauch gestattet. Unerlaubter Gebrauch von urheberrechtlich gesch\u00fctzten Arbeiten ist strafbar (UrhG \u00a7 106). Soweit die Inhalte auf dieser Seite nicht vom Betreiber erstellt wurden, werden die Urheberrechte Dritter beachtet. Sollten Sie trotzdem auf eine Urheberrechtsverletzung aufmerksam werden, bitten wir um einen entsprechenden Hinweis. Bei Bekanntwerden von Rechtsverletzungen werden wir derartige Inhalte umgehend entfernen.<br \/>\n[\/et_pb_text][\/et_pb_column][et_pb_column type=&#8220;2_3&#8243; _builder_version=&#8220;4.16&#8243; custom_padding=&#8220;|||&#8220; global_colors_info=&#8220;{}&#8220; custom_padding__hover=&#8220;|||&#8220;][et_pb_text admin_label=&#8220;Headline Quellennachweis&#8220; _builder_version=&#8220;4.16&#8243; background_size=&#8220;initial&#8220; background_position=&#8220;top_left&#8220; background_repeat=&#8220;repeat&#8220; use_border_color=&#8220;off&#8220; border_color=&#8220;#ffffff&#8220; border_style=&#8220;solid&#8220; global_colors_info=&#8220;{}&#8220;]<strong>Quellennachweis der benutzten Motive<\/strong><br \/>\n[\/et_pb_text][et_pb_text admin_label=&#8220;Image-Licence-Table&#8220; _builder_version=&#8220;3.0.91&#8243; background_size=&#8220;initial&#8220; background_position=&#8220;top_left&#8220; background_repeat=&#8220;repeat&#8220; use_border_color=&#8220;off&#8220; global_module=&#8220;615&#8243; saved_tabs=&#8220;all&#8220; global_colors_info=&#8220;{}&#8220;]<\/p>\n<table class=\"alignleft\" style=\"width: 100%;\">\n<thead>\n<tr>\n<th><strong>Image Description<\/strong><\/th>\n<th><strong>Artist<\/strong><\/th>\n<th><strong>Agency\/Source<\/strong><\/th>\n<\/tr>\n<\/thead>\n<tbody>\n<tr>\n<td>Flying private jet at sunset<\/td>\n<td>Carlos Yudica<\/td>\n<td>Fotolia LLC<\/td>\n<\/tr>\n<tr>\n<td>Propeller engine 1<\/td>\n<td>beebox<\/td>\n<td>beebox<\/td>\n<\/tr>\n<tr>\n<td>Welcome at business jet 1<\/td>\n<td>Tyler Olson<\/td>\n<td>Fotolia LLC<\/td>\n<\/tr>\n<tr>\n<td>Business meeting with tablet pc and coffee 1<\/td>\n<td>Eugenio Marongiu<\/td>\n<td>Fotolia LLC<\/td>\n<\/tr>\n<tr>\n<td>Manager leaving corporate jet<\/td>\n<td>Tom Kuest<\/td>\n<td>Fotolia LLC<\/td>\n<\/tr>\n<tr>\n<td>Jet in hangar #1<\/td>\n<td>beebox<\/td>\n<td>beebox<\/td>\n<\/tr>\n<tr>\n<td>Jet in hangar #2<\/td>\n<td>beebox<\/td>\n<td>beebox<\/td>\n<\/tr>\n<tr>\n<td>Jet in hangar #3<\/td>\n<td>beebox<\/td>\n<td>beebox<\/td>\n<\/tr>\n<tr>\n<td>Migratory birds<\/td>\n<td>Rebel<\/td>\n<td>Fotolia LLC<\/td>\n<\/tr>\n<tr>\n<td>Aircraft behind hangar window<\/td>\n<td>beebox<\/td>\n<td>beebox<\/td>\n<\/tr>\n<tr>\n<td>Propeller engine #2<\/td>\n<td>beebox<\/td>\n<td>beebox<\/td>\n<\/tr>\n<tr>\n<td>Maintenance of aircraft in hangar<\/td>\n<td>beebox<\/td>\n<td>beebox<\/td>\n<\/tr>\n<tr>\n<td>ASB mechanic working on engine<\/td>\n<td>beebox<\/td>\n<td>beebox<\/td>\n<\/tr>\n<tr>\n<td>ASB mechanic working on wheel<\/td>\n<td>beebox<\/td>\n<td>beebox<\/td>\n<\/tr>\n<tr>\n<td>Two ASB mechanics working on wheel<\/td>\n<td>beebox<\/td>\n<td>beebox<\/td>\n<\/tr>\n<tr>\n<td>ASB ground agent at fire extinguisher<\/td>\n<td>beebox<\/td>\n<td>beebox<\/td>\n<\/tr>\n<tr>\n<td>Welcome at business jet #2<\/td>\n<td>Tyler Olson<\/td>\n<td>Fotolia LLC<\/td>\n<\/tr>\n<tr>\n<td>Chief pilot Harold Ebenroth in cockpit<\/td>\n<td>beebox<\/td>\n<td>beebox<\/td>\n<\/tr>\n<tr>\n<td>Pilot in cockpit with checklist<\/td>\n<td>Monika Wisniewska<\/td>\n<td>Fotolia LLC<\/td>\n<\/tr>\n<tr>\n<td>Ground agent holding checklist<\/td>\n<td>lenetsnikolai<\/td>\n<td>Fotolia LLC<\/td>\n<\/tr>\n<tr>\n<td>Mobile ground power unit<\/td>\n<td>beebox<\/td>\n<td>beebox<\/td>\n<\/tr>\n<tr>\n<td>Chief pilot and copilot in front of jet<\/td>\n<td>beebox<\/td>\n<td>beebox<\/td>\n<\/tr>\n<tr>\n<td>Business meeting with tablet pc and coffee #2<\/td>\n<td>Eugenio Marongiu<\/td>\n<td>Fotolia LLC<\/td>\n<\/tr>\n<tr>\n<td>Well-laid table in jet<\/td>\n<td>miklyxa<\/td>\n<td>Fotolia LLC<\/td>\n<\/tr>\n<tr>\n<td>Two pilots in briefing meeting<\/td>\n<td>Monika Wisniewska<\/td>\n<td>Fotolia LLC<\/td>\n<\/tr>\n<tr>\n<td>Work desk at conference room<\/td>\n<td>beebox<\/td>\n<td>beebox<\/td>\n<\/tr>\n<tr>\n<td>Table at conference room<\/td>\n<td>beebox<\/td>\n<td>beebox<\/td>\n<\/tr>\n<tr>\n<td>Meeting area<\/td>\n<td>beebox<\/td>\n<td>beebox<\/td>\n<\/tr>\n<tr>\n<td>Mountain view<\/td>\n<td>ruppgabriele<\/td>\n<td>Fotolia LLC<\/td>\n<\/tr>\n<tr>\n<td>Map of airfield area<\/td>\n<td>OpenStreetMap Contributors<\/td>\n<td>OpenStreetMap Foundation<\/td>\n<\/tr>\n<tr>\n<td>Map of trinational region<\/td>\n<td>OpenStreetMap Contributors<\/td>\n<td>OpenStreetMap Foundation<\/td>\n<\/tr>\n<tr>\n<td>Illuminated cockpit instruments<\/td>\n<td>beebox<\/td>\n<td>beebox<\/td>\n<\/tr>\n<tr>\n<td>Windsock at airfield<\/td>\n<td>beebox<\/td>\n<td>beebox<\/td>\n<\/tr>\n<tr>\n<td>Pointing Business Woman<\/td>\n<td>Minerva Studio<\/td>\n<td>Fotolia LLC<\/td>\n<\/tr>\n<\/tbody>\n<\/table>\n<p>[\/et_pb_text][\/et_pb_column][\/et_pb_row][\/et_pb_section]<\/p>\n","protected":false},"excerpt":{"rendered":"<p>Impressum Rechtliche Angaben gem\u00e4\u00df Telemediengesetz (TMG) \u00a7 5 der Bundesrepublik Deutschland Airservice Bremgarten GmbH Am Flugplatz 1 79427 Eschbach Deutschland Vertreten durch Harold Ebenroth (Gesch\u00e4ftsf\u00fchrer) Kontakt Telefon: +49 (0)7634 \u2013 595 22 22 Fax:\u00a0\u00a0\u00a0\u00a0\u00a0\u00a0\u00a0 +49 (0)7634 \u2013 595 22 23 E-Mail: \u00a0 sinfos@sairservicebremgartens.com Eintrag im deutschen Handelsregister Registernummer: HRB 705603 Registergericht: Amtsgericht Freiburg i. Br. [&hellip;]<\/p>\n","protected":false},"author":3,"featured_media":0,"parent":0,"menu_order":8,"comment_status":"closed","ping_status":"closed","template":"","meta":{"_et_pb_use_builder":"on","_et_pb_old_content":"","_et_gb_content_width":"","footnotes":""},"class_list":["post-715","page","type-page","status-publish","hentry"],"_links":{"self":[{"href":"https:\/\/www.k-airservice.beebox.de\/cms\/de\/wp-json\/wp\/v2\/pages\/715","targetHints":{"allow":["GET"]}}],"collection":[{"href":"https:\/\/www.k-airservice.beebox.de\/cms\/de\/wp-json\/wp\/v2\/pages"}],"about":[{"href":"https:\/\/www.k-airservice.beebox.de\/cms\/de\/wp-json\/wp\/v2\/types\/page"}],"author":[{"embeddable":true,"href":"https:\/\/www.k-airservice.beebox.de\/cms\/de\/wp-json\/wp\/v2\/users\/3"}],"replies":[{"embeddable":true,"href":"https:\/\/www.k-airservice.beebox.de\/cms\/de\/wp-json\/wp\/v2\/comments?post=715"}],"version-history":[{"count":24,"href":"https:\/\/www.k-airservice.beebox.de\/cms\/de\/wp-json\/wp\/v2\/pages\/715\/revisions"}],"predecessor-version":[{"id":1537,"href":"https:\/\/www.k-airservice.beebox.de\/cms\/de\/wp-json\/wp\/v2\/pages\/715\/revisions\/1537"}],"wp:attachment":[{"href":"https:\/\/www.k-airservice.beebox.de\/cms\/de\/wp-json\/wp\/v2\/media?parent=715"}],"curies":[{"name":"wp","href":"https:\/\/api.w.org\/{rel}","templated":true}]}}