{"id":888,"date":"2016-07-26T12:06:47","date_gmt":"2016-07-26T10:06:47","guid":{"rendered":"http:\/\/www.airservicebremgarten.com\/cms\/de\/?page_id=888"},"modified":"2025-11-12T13:49:00","modified_gmt":"2025-11-12T12:49:00","slug":"our-company","status":"publish","type":"page","link":"https:\/\/www.k-airservice.beebox.de\/cms\/de\/about-us\/our-company\/","title":{"rendered":"Das Unternehmen"},"content":{"rendered":"<p>[et_pb_section fb_built=&#8220;1&#8243; fullwidth=&#8220;on&#8220; admin_label=&#8220;section&#8220; _builder_version=&#8220;4.16&#8243; global_colors_info=&#8220;{}&#8220;][et_pb_fullwidth_slider show_arrows=&#8220;off&#8220; show_pagination=&#8220;off&#8220; admin_label=&#8220;Fullwidth Slider&#8220; _builder_version=&#8220;4.27.4&#8243; custom_padding=&#8220;|||&#8220; custom_padding_tablet=&#8220;|||&#8220; custom_padding_phone=&#8220;|||&#8220; hover_enabled=&#8220;0&#8243; box_shadow_style=&#8220;preset6&#8243; box_shadow_blur=&#8220;10px&#8220; box_shadow_color=&#8220;rgba(0,0,0,0.1)&#8220; remove_inner_shadow=&#8220;off&#8220; hide_content_on_mobile=&#8220;off&#8220; hide_cta_on_mobile=&#8220;off&#8220; show_inner_shadow=&#8220;on&#8220; button_letter_spacing_hover=&#8220;0&#8243; global_colors_info=&#8220;{}&#8220; button_text_size__hover_enabled=&#8220;off&#8220; button_one_text_size__hover_enabled=&#8220;off&#8220; button_two_text_size__hover_enabled=&#8220;off&#8220; button_text_color__hover_enabled=&#8220;off&#8220; button_one_text_color__hover_enabled=&#8220;off&#8220; button_two_text_color__hover_enabled=&#8220;off&#8220; button_border_width__hover_enabled=&#8220;off&#8220; button_one_border_width__hover_enabled=&#8220;off&#8220; button_two_border_width__hover_enabled=&#8220;off&#8220; button_border_color__hover_enabled=&#8220;off&#8220; button_one_border_color__hover_enabled=&#8220;off&#8220; button_two_border_color__hover_enabled=&#8220;off&#8220; button_border_radius__hover_enabled=&#8220;off&#8220; button_one_border_radius__hover_enabled=&#8220;off&#8220; button_two_border_radius__hover_enabled=&#8220;off&#8220; button_letter_spacing__hover_enabled=&#8220;on&#8220; button_letter_spacing__hover=&#8220;0&#8243; button_one_letter_spacing__hover_enabled=&#8220;off&#8220; button_two_letter_spacing__hover_enabled=&#8220;off&#8220; button_bg_color__hover_enabled=&#8220;off&#8220; button_one_bg_color__hover_enabled=&#8220;off&#8220; button_two_bg_color__hover_enabled=&#8220;off&#8220; sticky_enabled=&#8220;0&#8243;][et_pb_slide heading=&#8220;Das Unternehmen&#8220; use_bg_overlay=&#8220;off&#8220; use_text_overlay=&#8220;on&#8220; _builder_version=&#8220;4.27.4&#8243; header_font=&#8220;||||&#8220; body_font=&#8220;||||&#8220; background_color=&#8220;#24a9e2&#8243; background_image=&#8220;https:\/\/www.k-airservice.beebox.de\/cms\/wp-content\/uploads\/2016\/03\/Fotolia_80056043-ShakeHandsJet_1800x970.jpg&#8220; button_icon_placement=&#8220;right&#8220; button_on_hover=&#8220;on&#8220; hover_enabled=&#8220;0&#8243; global_colors_info=&#8220;{}&#8220; sticky_transition=&#8220;on&#8220; button_text_size__hover_enabled=&#8220;off&#8220; button_one_text_size__hover_enabled=&#8220;off&#8220; button_two_text_size__hover_enabled=&#8220;off&#8220; button_text_color__hover_enabled=&#8220;off&#8220; button_one_text_color__hover_enabled=&#8220;off&#8220; button_two_text_color__hover_enabled=&#8220;off&#8220; button_border_width__hover_enabled=&#8220;off&#8220; button_one_border_width__hover_enabled=&#8220;off&#8220; button_two_border_width__hover_enabled=&#8220;off&#8220; button_border_color__hover_enabled=&#8220;off&#8220; button_one_border_color__hover_enabled=&#8220;off&#8220; button_two_border_color__hover_enabled=&#8220;off&#8220; button_border_radius__hover_enabled=&#8220;off&#8220; button_one_border_radius__hover_enabled=&#8220;off&#8220; button_two_border_radius__hover_enabled=&#8220;off&#8220; button_letter_spacing__hover_enabled=&#8220;off&#8220; button_one_letter_spacing__hover_enabled=&#8220;off&#8220; button_two_letter_spacing__hover_enabled=&#8220;off&#8220; button_bg_color__hover_enabled=&#8220;off&#8220; button_one_bg_color__hover_enabled=&#8220;off&#8220; button_two_bg_color__hover_enabled=&#8220;off&#8220; title_text=&#8220;Fotolia_80056043-ShakeHandsJet_1800x970&#8243; background_enable_image=&#8220;on&#8220; sticky_enabled=&#8220;0&#8243;]Ihr Aviation-Service-Dienstleister.<br \/>\n[\/et_pb_slide][\/et_pb_fullwidth_slider][\/et_pb_section][et_pb_section fb_built=&#8220;1&#8243; admin_label=&#8220;section&#8220; _builder_version=&#8220;4.16&#8243; global_colors_info=&#8220;{}&#8220;][et_pb_row admin_label=&#8220;Zeile&#8220; _builder_version=&#8220;4.16&#8243; background_size=&#8220;initial&#8220; background_position=&#8220;top_left&#8220; background_repeat=&#8220;repeat&#8220; global_colors_info=&#8220;{}&#8220;][et_pb_column type=&#8220;4_4&#8243; _builder_version=&#8220;4.16&#8243; custom_padding=&#8220;|||&#8220; global_colors_info=&#8220;{}&#8220; custom_padding__hover=&#8220;|||&#8220;][et_pb_text admin_label=&#8220;Headline&#8220; _builder_version=&#8220;4.16&#8243; background_size=&#8220;initial&#8220; background_position=&#8220;top_left&#8220; background_repeat=&#8220;repeat&#8220; use_border_color=&#8220;off&#8220; border_color=&#8220;#ffffff&#8220; border_style=&#8220;solid&#8220; global_colors_info=&#8220;{}&#8220;]<\/p>\n<h1 style=\"text-align: center;\">Airservice Bremgarten GmbH<\/h1>\n<p>[\/et_pb_text][\/et_pb_column][\/et_pb_row][et_pb_row admin_label=&#8220;Zeile&#8220; _builder_version=&#8220;4.16&#8243; background_size=&#8220;initial&#8220; background_position=&#8220;top_left&#8220; background_repeat=&#8220;repeat&#8220; global_colors_info=&#8220;{}&#8220; column_structure=&#8220;1_2,1_2&#8243;][et_pb_column type=&#8220;1_2&#8243; _builder_version=&#8220;4.16&#8243; custom_padding=&#8220;|||&#8220; global_colors_info=&#8220;{}&#8220; custom_padding__hover=&#8220;|||&#8220;][et_pb_text admin_label=&#8220;Text&#8220; _builder_version=&#8220;4.16&#8243; background_size=&#8220;initial&#8220; background_position=&#8220;top_left&#8220; background_repeat=&#8220;repeat&#8220; use_border_color=&#8220;off&#8220; border_color=&#8220;#ffffff&#8220; border_style=&#8220;solid&#8220; global_colors_info=&#8220;{}&#8220;]<strong>Professioneller Aviation-Service im S\u00fcdwesten Deutschlands<\/strong><\/p>\n<p>Airservice Bremgarten GmbH ist im Dreil\u00e4ndereck, Schweiz, Frankreich und Deutschland ans\u00e4ssig. Als FBO mit einem internationalen und hochmotiviertem Team bieten wir qualitativ hochwertigen und sicheren Umgang mit Ihren Flugzeugen, verbunden mit perfektem sowie absolut kundenorientiertem Service.<\/p>\n<p>Wir stellen eine ger\u00e4umige und sichere, private Hangarierung Ihrer Flugzeuge in einer diskreten Umgebung am Flughafen Bremgaren zur Verf\u00fcgung. Hier haben unsere Passagiere die M\u00f6glichkeit, direkt zu ihrem wartenden Jet vorzufahren, um einen unauff\u00e4lligen und bequemen Flug zu garantieren.<\/p>\n<p>H\u00f6chste Priorit\u00e4t legen wir auf Sicherheit, Komfort und Privatsph\u00e4re \u2013 sowohl f\u00fcr die Passagiere als auch f\u00fcr Flugzeug und Besatzung.<br \/>\n[\/et_pb_text][\/et_pb_column][et_pb_column type=&#8220;1_2&#8243; _builder_version=&#8220;4.16&#8243; custom_padding=&#8220;|||&#8220; global_colors_info=&#8220;{}&#8220; custom_padding__hover=&#8220;|||&#8220;][et_pb_text admin_label=&#8220;Text&#8220; _builder_version=&#8220;4.16&#8243; background_size=&#8220;initial&#8220; background_position=&#8220;top_left&#8220; background_repeat=&#8220;repeat&#8220; use_border_color=&#8220;off&#8220; border_color=&#8220;#ffffff&#8220; border_style=&#8220;solid&#8220; global_colors_info=&#8220;{}&#8220;]<strong>Komfort und Diskretion f\u00fcr Ihre Flugg\u00e4ste<\/strong><\/p>\n<p>Airservice Bremgarten bietet Sicherheit, Komfort und zeitliche Entlastung unter Einhaltung h\u00f6chster Diskretion.<\/p>\n<p>Profitieren Sie von unserer zuverl\u00e4ssigen Organisation f\u00fcr die Zeit Ihres Aufenthalts \u2013 beginnend mit Ihrer Ankunft bis zu Ihrem Abflug \u2013 von der Abholung von Ihrem Flugzeug mit Limousine oder Taxi \u00fcber das Arangement eines pers\u00f6nlichen Sicherheitsdienstes bis zur Buchung von \u00dcbersetzer- oder Dolmetscherservices in nahezu jeder Sprache. Ihren individuellen Anforderungen kommen wir mit h\u00f6chster Flexibilit\u00e4t und absoluter Diskretion entgegen.<\/p>\n<p>F\u00fcr weitere Informationen zu unserem umfangreichen Dienstleistungsangebot freuen wir uns auf Ihre Anfrage.<br \/>\n[\/et_pb_text][\/et_pb_column][\/et_pb_row][\/et_pb_section][et_pb_section fb_built=&#8220;1&#8243; admin_label=&#8220;Sektion&#8220; _builder_version=&#8220;4.16&#8243; global_colors_info=&#8220;{}&#8220;][et_pb_row admin_label=&#8220;Zeile&#8220; _builder_version=&#8220;4.16&#8243; background_size=&#8220;initial&#8220; background_position=&#8220;top_left&#8220; background_repeat=&#8220;repeat&#8220; global_colors_info=&#8220;{}&#8220; column_structure=&#8220;1_3,1_3,1_3&#8243;][et_pb_column type=&#8220;1_3&#8243; _builder_version=&#8220;4.16&#8243; custom_padding=&#8220;|||&#8220; global_colors_info=&#8220;{}&#8220; custom_padding__hover=&#8220;|||&#8220;][et_pb_image src=&#8220;https:\/\/www.k-airservice.beebox.de\/cms\/wp-content\/uploads\/2016\/06\/bbx-Airservice-800&#215;600-HalleMenschen.jpg&#8220; align_tablet=&#8220;center&#8220; align_last_edited=&#8220;on|desktop&#8220; admin_label=&#8220;Bild&#8220; _builder_version=&#8220;4.16&#8243; animation_style=&#8220;fade&#8220; animation_duration=&#8220;500ms&#8220; use_border_color=&#8220;off&#8220; border_color=&#8220;#ffffff&#8220; border_style=&#8220;solid&#8220; sticky=&#8220;off&#8220; always_center_on_mobile=&#8220;on&#8220; global_colors_info=&#8220;{}&#8220; align_phone=&#8220;center&#8220;][\/et_pb_image][\/et_pb_column][et_pb_column type=&#8220;1_3&#8243; _builder_version=&#8220;4.16&#8243; custom_padding=&#8220;|||&#8220; global_colors_info=&#8220;{}&#8220; custom_padding__hover=&#8220;|||&#8220;][et_pb_image src=&#8220;https:\/\/www.k-airservice.beebox.de\/cms\/wp-content\/uploads\/2016\/06\/bbx-Airservice-800&#215;600-FliegerSchnauze.jpg&#8220; align_tablet=&#8220;center&#8220; align_last_edited=&#8220;on|desktop&#8220; admin_label=&#8220;Bild&#8220; _builder_version=&#8220;4.16&#8243; animation_style=&#8220;fade&#8220; animation_duration=&#8220;500ms&#8220; use_border_color=&#8220;off&#8220; border_color=&#8220;#ffffff&#8220; border_style=&#8220;solid&#8220; sticky=&#8220;off&#8220; always_center_on_mobile=&#8220;on&#8220; global_colors_info=&#8220;{}&#8220; align_phone=&#8220;center&#8220;][\/et_pb_image][\/et_pb_column][et_pb_column type=&#8220;1_3&#8243; _builder_version=&#8220;4.16&#8243; custom_padding=&#8220;|||&#8220; global_colors_info=&#8220;{}&#8220; custom_padding__hover=&#8220;|||&#8220;][et_pb_image src=&#8220;https:\/\/www.k-airservice.beebox.de\/cms\/wp-content\/uploads\/2016\/06\/bbx-Airservice-800&#215;600-Halle.jpg&#8220; align_tablet=&#8220;center&#8220; align_last_edited=&#8220;on|desktop&#8220; admin_label=&#8220;Bild&#8220; _builder_version=&#8220;4.16&#8243; animation_style=&#8220;fade&#8220; animation_duration=&#8220;500ms&#8220; use_border_color=&#8220;off&#8220; border_color=&#8220;#ffffff&#8220; border_style=&#8220;solid&#8220; sticky=&#8220;off&#8220; always_center_on_mobile=&#8220;on&#8220; global_colors_info=&#8220;{}&#8220; align_phone=&#8220;center&#8220;][\/et_pb_image][\/et_pb_column][\/et_pb_row][\/et_pb_section][et_pb_section fb_built=&#8220;1&#8243; admin_label=&#8220;section&#8220; _builder_version=&#8220;4.16&#8243; global_colors_info=&#8220;{}&#8220;][et_pb_row admin_label=&#8220;row&#8220; _builder_version=&#8220;4.16&#8243; background_size=&#8220;initial&#8220; background_position=&#8220;top_left&#8220; background_repeat=&#8220;repeat&#8220; global_colors_info=&#8220;{}&#8220;][\/et_pb_row][\/et_pb_section]<\/p>\n","protected":false},"excerpt":{"rendered":"<p>Ihr Aviation-Service-Dienstleister. Airservice Bremgarten GmbH Professioneller Aviation-Service im S\u00fcdwesten Deutschlands Airservice Bremgarten GmbH ist im Dreil\u00e4ndereck, Schweiz, Frankreich und Deutschland ans\u00e4ssig. Als FBO mit einem internationalen und hochmotiviertem Team bieten wir qualitativ hochwertigen und sicheren Umgang mit Ihren Flugzeugen, verbunden mit perfektem sowie absolut kundenorientiertem Service. Wir stellen eine ger\u00e4umige und sichere, private Hangarierung Ihrer [&hellip;]<\/p>\n","protected":false},"author":3,"featured_media":0,"parent":883,"menu_order":2,"comment_status":"closed","ping_status":"closed","template":"","meta":{"_et_pb_use_builder":"on","_et_pb_old_content":"","_et_gb_content_width":"","footnotes":""},"class_list":["post-888","page","type-page","status-publish","hentry"],"_links":{"self":[{"href":"https:\/\/www.k-airservice.beebox.de\/cms\/de\/wp-json\/wp\/v2\/pages\/888","targetHints":{"allow":["GET"]}}],"collection":[{"href":"https:\/\/www.k-airservice.beebox.de\/cms\/de\/wp-json\/wp\/v2\/pages"}],"about":[{"href":"https:\/\/www.k-airservice.beebox.de\/cms\/de\/wp-json\/wp\/v2\/types\/page"}],"author":[{"embeddable":true,"href":"https:\/\/www.k-airservice.beebox.de\/cms\/de\/wp-json\/wp\/v2\/users\/3"}],"replies":[{"embeddable":true,"href":"https:\/\/www.k-airservice.beebox.de\/cms\/de\/wp-json\/wp\/v2\/comments?post=888"}],"version-history":[{"count":15,"href":"https:\/\/www.k-airservice.beebox.de\/cms\/de\/wp-json\/wp\/v2\/pages\/888\/revisions"}],"predecessor-version":[{"id":1526,"href":"https:\/\/www.k-airservice.beebox.de\/cms\/de\/wp-json\/wp\/v2\/pages\/888\/revisions\/1526"}],"up":[{"embeddable":true,"href":"https:\/\/www.k-airservice.beebox.de\/cms\/de\/wp-json\/wp\/v2\/pages\/883"}],"wp:attachment":[{"href":"https:\/\/www.k-airservice.beebox.de\/cms\/de\/wp-json\/wp\/v2\/media?parent=888"}],"curies":[{"name":"wp","href":"https:\/\/api.w.org\/{rel}","templated":true}]}}