{"id":926,"date":"2016-03-17T17:55:43","date_gmt":"2016-03-17T16:55:43","guid":{"rendered":"http:\/\/www.airservicebremgarten.com\/cms\/de\/our-services\/passenger-and-crew-services\/"},"modified":"2025-11-12T14:04:52","modified_gmt":"2025-11-12T13:04:52","slug":"passenger-and-crew-services","status":"publish","type":"page","link":"https:\/\/www.k-airservice.beebox.de\/cms\/de\/our-services\/passenger-and-crew-services\/","title":{"rendered":"Service f\u00fcr Crew und Passagiere"},"content":{"rendered":"<p>[et_pb_section fb_built=&#8220;1&#8243; fullwidth=&#8220;on&#8220; admin_label=&#8220;Sektion&#8220; _builder_version=&#8220;4.16&#8243; global_colors_info=&#8220;{}&#8220;][et_pb_fullwidth_slider admin_label=&#8220;Vollbreiter Slider&#8220; _builder_version=&#8220;4.27.4&#8243; custom_padding=&#8220;|||&#8220; custom_padding_tablet=&#8220;|||&#8220; custom_padding_phone=&#8220;|||&#8220; hover_enabled=&#8220;0&#8243; box_shadow_style=&#8220;preset6&#8243; box_shadow_blur=&#8220;10px&#8220; box_shadow_color=&#8220;rgba(0,0,0,0.1)&#8220; remove_inner_shadow=&#8220;off&#8220; hide_content_on_mobile=&#8220;off&#8220; hide_cta_on_mobile=&#8220;off&#8220; show_inner_shadow=&#8220;on&#8220; button_letter_spacing_hover=&#8220;0&#8243; global_colors_info=&#8220;{}&#8220; button_text_size__hover_enabled=&#8220;off&#8220; button_one_text_size__hover_enabled=&#8220;off&#8220; button_two_text_size__hover_enabled=&#8220;off&#8220; button_text_color__hover_enabled=&#8220;off&#8220; button_one_text_color__hover_enabled=&#8220;off&#8220; button_two_text_color__hover_enabled=&#8220;off&#8220; button_border_width__hover_enabled=&#8220;off&#8220; button_one_border_width__hover_enabled=&#8220;off&#8220; button_two_border_width__hover_enabled=&#8220;off&#8220; button_border_color__hover_enabled=&#8220;off&#8220; button_one_border_color__hover_enabled=&#8220;off&#8220; button_two_border_color__hover_enabled=&#8220;off&#8220; button_border_radius__hover_enabled=&#8220;off&#8220; button_one_border_radius__hover_enabled=&#8220;off&#8220; button_two_border_radius__hover_enabled=&#8220;off&#8220; button_letter_spacing__hover_enabled=&#8220;on&#8220; button_letter_spacing__hover=&#8220;0&#8243; button_one_letter_spacing__hover_enabled=&#8220;off&#8220; button_two_letter_spacing__hover_enabled=&#8220;off&#8220; button_bg_color__hover_enabled=&#8220;off&#8220; button_one_bg_color__hover_enabled=&#8220;off&#8220; button_two_bg_color__hover_enabled=&#8220;off&#8220; sticky_enabled=&#8220;0&#8243;][et_pb_slide heading=&#8220;Service f\u00fcr Passagiere und Crew&#8220; use_bg_overlay=&#8220;off&#8220; use_text_overlay=&#8220;on&#8220; _builder_version=&#8220;4.27.4&#8243; header_font=&#8220;||||&#8220; body_font=&#8220;||||&#8220; background_color=&#8220;#ffffff&#8220; background_image=&#8220;https:\/\/www.k-airservice.beebox.de\/cms\/wp-content\/uploads\/2016\/03\/Fotolia_83083670-CoffeeMeeting_1800x970.jpg&#8220; button_icon_placement=&#8220;right&#8220; button_on_hover=&#8220;on&#8220; hover_enabled=&#8220;0&#8243; global_colors_info=&#8220;{}&#8220; sticky_transition=&#8220;on&#8220; button_text_size__hover_enabled=&#8220;off&#8220; button_one_text_size__hover_enabled=&#8220;off&#8220; button_two_text_size__hover_enabled=&#8220;off&#8220; button_text_color__hover_enabled=&#8220;off&#8220; button_one_text_color__hover_enabled=&#8220;off&#8220; button_two_text_color__hover_enabled=&#8220;off&#8220; button_border_width__hover_enabled=&#8220;off&#8220; button_one_border_width__hover_enabled=&#8220;off&#8220; button_two_border_width__hover_enabled=&#8220;off&#8220; button_border_color__hover_enabled=&#8220;off&#8220; button_one_border_color__hover_enabled=&#8220;off&#8220; button_two_border_color__hover_enabled=&#8220;off&#8220; button_border_radius__hover_enabled=&#8220;off&#8220; button_one_border_radius__hover_enabled=&#8220;off&#8220; button_two_border_radius__hover_enabled=&#8220;off&#8220; button_letter_spacing__hover_enabled=&#8220;off&#8220; button_one_letter_spacing__hover_enabled=&#8220;off&#8220; button_two_letter_spacing__hover_enabled=&#8220;off&#8220; button_bg_color__hover_enabled=&#8220;off&#8220; button_one_bg_color__hover_enabled=&#8220;off&#8220; button_two_bg_color__hover_enabled=&#8220;off&#8220; title_text=&#8220;Fotolia_83083670-CoffeeMeeting_1800x970&#8243; background_enable_image=&#8220;on&#8220; sticky_enabled=&#8220;0&#8243;] [\/et_pb_slide][\/et_pb_fullwidth_slider][\/et_pb_section][et_pb_section fb_built=&#8220;1&#8243; admin_label=&#8220;Sektion&#8220; _builder_version=&#8220;4.16&#8243; global_colors_info=&#8220;{}&#8220;][et_pb_row padding_mobile=&#8220;off&#8220; column_padding_mobile=&#8220;on&#8220; admin_label=&#8220;Zeile&#8220; _builder_version=&#8220;4.16&#8243; background_size=&#8220;initial&#8220; background_position=&#8220;top_left&#8220; background_repeat=&#8220;repeat&#8220; custom_padding=&#8220;||0px|&#8220; make_fullwidth=&#8220;off&#8220; use_custom_width=&#8220;off&#8220; width_unit=&#8220;on&#8220; global_colors_info=&#8220;{}&#8220; column_structure=&#8220;1_3,1_3,1_3&#8243;][et_pb_column type=&#8220;1_3&#8243; _builder_version=&#8220;4.16&#8243; custom_padding=&#8220;|||&#8220; global_colors_info=&#8220;{}&#8220; custom_padding__hover=&#8220;|||&#8220;][et_pb_text admin_label=&#8220;Headline&#8220; _builder_version=&#8220;4.16&#8243; background_size=&#8220;initial&#8220; background_position=&#8220;top_left&#8220; background_repeat=&#8220;repeat&#8220; use_border_color=&#8220;off&#8220; border_color=&#8220;#ffffff&#8220; border_style=&#8220;solid&#8220; global_colors_info=&#8220;{}&#8220;]<\/p>\n<h1>Komfort f\u00fcr Besatzung<br \/>\nund Flugg\u00e4ste<\/h1>\n<p>[\/et_pb_text][et_pb_text admin_label=&#8220;Text&#8220; _builder_version=&#8220;4.16&#8243; background_size=&#8220;initial&#8220; background_position=&#8220;top_left&#8220; background_repeat=&#8220;repeat&#8220; use_border_color=&#8220;off&#8220; border_color=&#8220;#ffffff&#8220; border_style=&#8220;solid&#8220; global_colors_info=&#8220;{}&#8220;]Aus unserem umfangreichen Leistungsangebot erstellen wir f\u00fcr Sie Ihr ma\u00dfgeschneidertes Arrangement. Um ein Optimum an Service bieten zu k\u00f6nnen, bitten wir Sie, uns rechtzeitig zu kontaktieren.<br \/>\n[\/et_pb_text][\/et_pb_column][et_pb_column type=&#8220;1_3&#8243; _builder_version=&#8220;4.16&#8243; custom_padding=&#8220;|||&#8220; global_colors_info=&#8220;{}&#8220; custom_padding__hover=&#8220;|||&#8220;][et_pb_text admin_label=&#8220;Text Service-List&#8220; _builder_version=&#8220;4.16&#8243; background_size=&#8220;initial&#8220; background_position=&#8220;top_left&#8220; background_repeat=&#8220;repeat&#8220; use_border_color=&#8220;off&#8220; border_color=&#8220;#ffffff&#8220; border_style=&#8220;solid&#8220; global_colors_info=&#8220;{}&#8220;]<strong>Aus unserem Service-Katalog:<\/strong><\/p>\n<ul>\n<li>Konferenzraum und Lounge<\/li>\n<li>Zugang zu Internet und Drucker per WLAN<\/li>\n<li>Kaffee und Erfrischungen f\u00fcr Passagiere und Crew<\/li>\n<li>Ruhebereich mit Erfrischungen f\u00fcr die Besatzung<\/li>\n<li>Limousinen- oder Taxi-Arrangement<\/li>\n<li>Sicherheits- und Dolmetscher-Service<\/li>\n<li>Buchung von Hotel und Restaurant<\/li>\n<li>Lounge- und On-Board-Catering (nach vorheriger Anmeldung)<\/li>\n<\/ul>\n<p>[\/et_pb_text][\/et_pb_column][et_pb_column type=&#8220;1_3&#8243; _builder_version=&#8220;4.16&#8243; custom_padding=&#8220;|||&#8220; global_colors_info=&#8220;{}&#8220; custom_padding__hover=&#8220;|||&#8220;][et_pb_image src=&#8220;https:\/\/www.k-airservice.beebox.de\/cms\/wp-content\/uploads\/2016\/03\/Fotolia_AircraftCatering-900&#215;600.jpg&#8220; align_tablet=&#8220;center&#8220; align_last_edited=&#8220;on|desktop&#8220; admin_label=&#8220;Bild&#8220; _builder_version=&#8220;4.16&#8243; animation_style=&#8220;fade&#8220; animation_duration=&#8220;500ms&#8220; use_border_color=&#8220;off&#8220; border_color=&#8220;#ffffff&#8220; border_style=&#8220;solid&#8220; sticky=&#8220;off&#8220; always_center_on_mobile=&#8220;on&#8220; global_colors_info=&#8220;{}&#8220; align_phone=&#8220;center&#8220;] [\/et_pb_image][et_pb_image src=&#8220;https:\/\/www.k-airservice.beebox.de\/cms\/wp-content\/uploads\/2016\/03\/Fotolia_PilotBriefing-900&#215;600.jpg&#8220; align_tablet=&#8220;center&#8220; align_last_edited=&#8220;on|desktop&#8220; admin_label=&#8220;Bild&#8220; _builder_version=&#8220;4.16&#8243; animation_style=&#8220;fade&#8220; animation_duration=&#8220;500ms&#8220; use_border_color=&#8220;off&#8220; border_color=&#8220;#ffffff&#8220; border_style=&#8220;solid&#8220; sticky=&#8220;off&#8220; always_center_on_mobile=&#8220;on&#8220; global_colors_info=&#8220;{}&#8220; align_phone=&#8220;center&#8220;] [\/et_pb_image][\/et_pb_column][\/et_pb_row][et_pb_row admin_label=&#8220;Zeile&#8220; _builder_version=&#8220;4.16&#8243; background_size=&#8220;initial&#8220; background_position=&#8220;top_left&#8220; background_repeat=&#8220;repeat&#8220; global_colors_info=&#8220;{}&#8220; column_structure=&#8220;1_3,1_3,1_3&#8243;][et_pb_column type=&#8220;1_3&#8243; _builder_version=&#8220;4.16&#8243; custom_padding=&#8220;|||&#8220; global_colors_info=&#8220;{}&#8220; custom_padding__hover=&#8220;|||&#8220;][et_pb_image src=&#8220;https:\/\/www.k-airservice.beebox.de\/cms\/wp-content\/uploads\/2016\/06\/bbx-Airservice-800&#215;600-Schreibtisch.jpg&#8220; show_in_lightbox=&#8220;on&#8220; align_tablet=&#8220;center&#8220; align_last_edited=&#8220;on|desktop&#8220; admin_label=&#8220;Bild&#8220; _builder_version=&#8220;4.16&#8243; animation_style=&#8220;fade&#8220; animation_duration=&#8220;500ms&#8220; use_border_color=&#8220;off&#8220; border_color=&#8220;#ffffff&#8220; border_style=&#8220;solid&#8220; sticky=&#8220;off&#8220; always_center_on_mobile=&#8220;on&#8220; global_colors_info=&#8220;{}&#8220; align_phone=&#8220;center&#8220;] [\/et_pb_image][\/et_pb_column][et_pb_column type=&#8220;1_3&#8243; _builder_version=&#8220;4.16&#8243; custom_padding=&#8220;|||&#8220; global_colors_info=&#8220;{}&#8220; custom_padding__hover=&#8220;|||&#8220;][et_pb_image src=&#8220;https:\/\/www.k-airservice.beebox.de\/cms\/wp-content\/uploads\/2016\/06\/bbx-Airservice-800&#215;600-Tisch-Besprechung.jpg&#8220; show_in_lightbox=&#8220;on&#8220; align_tablet=&#8220;center&#8220; align_last_edited=&#8220;on|desktop&#8220; admin_label=&#8220;Bild&#8220; _builder_version=&#8220;4.16&#8243; animation_style=&#8220;fade&#8220; animation_duration=&#8220;500ms&#8220; use_border_color=&#8220;off&#8220; border_color=&#8220;#ffffff&#8220; border_style=&#8220;solid&#8220; sticky=&#8220;off&#8220; always_center_on_mobile=&#8220;on&#8220; global_colors_info=&#8220;{}&#8220; align_phone=&#8220;center&#8220;] [\/et_pb_image][\/et_pb_column][et_pb_column type=&#8220;1_3&#8243; _builder_version=&#8220;4.16&#8243; custom_padding=&#8220;|||&#8220; global_colors_info=&#8220;{}&#8220; custom_padding__hover=&#8220;|||&#8220;][et_pb_image src=&#8220;https:\/\/www.k-airservice.beebox.de\/cms\/wp-content\/uploads\/2016\/06\/bbx-Airservice-800&#215;600-sofa.jpg&#8220; align_tablet=&#8220;center&#8220; align_last_edited=&#8220;on|desktop&#8220; admin_label=&#8220;Bild&#8220; _builder_version=&#8220;4.16&#8243; animation_style=&#8220;fade&#8220; animation_duration=&#8220;500ms&#8220; use_border_color=&#8220;off&#8220; border_color=&#8220;#ffffff&#8220; border_style=&#8220;solid&#8220; sticky=&#8220;off&#8220; always_center_on_mobile=&#8220;on&#8220; global_colors_info=&#8220;{}&#8220; align_phone=&#8220;center&#8220;] [\/et_pb_image][\/et_pb_column][\/et_pb_row][\/et_pb_section]<\/p>\n","protected":false},"excerpt":{"rendered":"<p>Komfort f\u00fcr Besatzung und Flugg\u00e4ste Aus unserem umfangreichen Leistungsangebot erstellen wir f\u00fcr Sie Ihr ma\u00dfgeschneidertes Arrangement. Um ein Optimum an Service bieten zu k\u00f6nnen, bitten wir Sie, uns rechtzeitig zu kontaktieren. Aus unserem Service-Katalog: Konferenzraum und Lounge Zugang zu Internet und Drucker per WLAN Kaffee und Erfrischungen f\u00fcr Passagiere und Crew Ruhebereich mit Erfrischungen f\u00fcr [&hellip;]<\/p>\n","protected":false},"author":3,"featured_media":0,"parent":803,"menu_order":4,"comment_status":"closed","ping_status":"closed","template":"","meta":{"_et_pb_use_builder":"on","_et_pb_old_content":"","_et_gb_content_width":"","footnotes":""},"class_list":["post-926","page","type-page","status-publish","hentry"],"_links":{"self":[{"href":"https:\/\/www.k-airservice.beebox.de\/cms\/de\/wp-json\/wp\/v2\/pages\/926","targetHints":{"allow":["GET"]}}],"collection":[{"href":"https:\/\/www.k-airservice.beebox.de\/cms\/de\/wp-json\/wp\/v2\/pages"}],"about":[{"href":"https:\/\/www.k-airservice.beebox.de\/cms\/de\/wp-json\/wp\/v2\/types\/page"}],"author":[{"embeddable":true,"href":"https:\/\/www.k-airservice.beebox.de\/cms\/de\/wp-json\/wp\/v2\/users\/3"}],"replies":[{"embeddable":true,"href":"https:\/\/www.k-airservice.beebox.de\/cms\/de\/wp-json\/wp\/v2\/comments?post=926"}],"version-history":[{"count":7,"href":"https:\/\/www.k-airservice.beebox.de\/cms\/de\/wp-json\/wp\/v2\/pages\/926\/revisions"}],"predecessor-version":[{"id":1536,"href":"https:\/\/www.k-airservice.beebox.de\/cms\/de\/wp-json\/wp\/v2\/pages\/926\/revisions\/1536"}],"up":[{"embeddable":true,"href":"https:\/\/www.k-airservice.beebox.de\/cms\/de\/wp-json\/wp\/v2\/pages\/803"}],"wp:attachment":[{"href":"https:\/\/www.k-airservice.beebox.de\/cms\/de\/wp-json\/wp\/v2\/media?parent=926"}],"curies":[{"name":"wp","href":"https:\/\/api.w.org\/{rel}","templated":true}]}}